{"id":6107,"date":"2025-03-25T14:12:51","date_gmt":"2025-03-25T13:12:51","guid":{"rendered":"https:\/\/entwicklung-falksteuer.d3sign.work\/?page_id=6107"},"modified":"2025-04-04T09:35:37","modified_gmt":"2025-04-04T07:35:37","slug":"contact-dr-falk-steuer","status":"publish","type":"page","link":"https:\/\/fsinterim.de\/en\/contact-dr-falk-steuer\/","title":{"rendered":"Contact"},"content":{"rendered":"<div data-elementor-type=\"wp-page\" data-elementor-id=\"6107\" class=\"elementor elementor-6107\" data-elementor-post-type=\"page\">\n\t\t\t\t<div class=\"elementor-element elementor-element-01dfb4d e-flex e-con-boxed e-con e-parent\" data-id=\"01dfb4d\" data-element_type=\"container\" data-settings=\"{&quot;background_background&quot;:&quot;classic&quot;}\">\n\t\t\t\t\t<div class=\"e-con-inner\">\n\t\t<div class=\"elementor-element elementor-element-5af268f e-con-full e-flex e-con e-child\" data-id=\"5af268f\" data-element_type=\"container\">\n\t\t\t\t<div class=\"elementor-element elementor-element-7990e39 elementor-widget elementor-widget-startpro_core_highlight\" data-id=\"7990e39\" data-element_type=\"widget\" data-widget_type=\"startpro_core_highlight.default\">\n\t\t\t\t<div class=\"elementor-widget-container\">\n\t\t\t\t\t<h1 class=\"qodef-shortcode qodef-m  qodef-highlight qodef-custom-font-682    qodef--has-appear qodef--appear-from-bottom\" style=\"color: #666666;font-size: 50px;line-height: 1.111111111em;letter-spacing: -0.015em;font-weight: 500\">\n\t\t\t<span class=\"qodef-highlight-text\" style=\"color: #EDA93F\">Contact\t<\/h1>\n\t\t\t\t<\/div>\n\t\t\t\t<\/div>\n\t\t\t\t<\/div>\n\t\t\t\t\t<\/div>\n\t\t\t\t<\/div>\n\t\t<div class=\"elementor-element elementor-element-9386215 e-con-full e-flex e-con e-parent\" data-id=\"9386215\" data-element_type=\"container\" data-settings=\"{&quot;background_background&quot;:&quot;classic&quot;}\">\n\t\t<div class=\"elementor-element elementor-element-a24ba5b e-con-full qodef-elementor-content-grid e-flex e-con e-child\" data-id=\"a24ba5b\" data-element_type=\"container\" data-settings=\"{&quot;background_background&quot;:&quot;classic&quot;}\">\n\t\t<div class=\"elementor-element elementor-element-56fbc8c e-con-full e-flex e-con e-child\" data-id=\"56fbc8c\" data-element_type=\"container\" data-settings=\"{&quot;background_background&quot;:&quot;classic&quot;}\">\n\t\t<div class=\"elementor-element elementor-element-c4f9fa6 e-con-full e-flex e-con e-child\" data-id=\"c4f9fa6\" data-element_type=\"container\" data-settings=\"{&quot;background_background&quot;:&quot;classic&quot;}\">\n\t\t\t\t<div class=\"elementor-element elementor-element-999712f elementor-widget__width-initial elementor-widget-mobile__width-inherit elementor-widget elementor-widget-startpro_core_highlight\" data-id=\"999712f\" data-element_type=\"widget\" data-widget_type=\"startpro_core_highlight.default\">\n\t\t\t\t<div class=\"elementor-widget-container\">\n\t\t\t\t\t<h4 class=\"qodef-shortcode qodef-m  qodef-highlight qodef-custom-font-66 translation-block\" style=\"color: #666666\">Let's get into <span class=\"qodef-highlight-text\" style=\"color: #EDA93F\">conversation<\/span><\/h4>\n\t\t\t\t<\/div>\n\t\t\t\t<\/div>\n\t\t\t\t<div class=\"elementor-element elementor-element-ba62b58 elementor-widget elementor-widget-text-editor\" data-id=\"ba62b58\" data-element_type=\"widget\" data-widget_type=\"text-editor.default\">\n\t\t\t\t<div class=\"elementor-widget-container\">\n\t\t\t\t\t\t\t\t\t<p class=\" translation-block\">Are you facing a business challenge?<br>Do you need experienced support on short notice in transformation, restructuring, or strategic realignment?<\/p><p class=\" translation-block\">Then now is the right moment for the first step.<br>I am here for you as a <strong>Interim Manager with international experience<\/strong> \u2013 pragmatic, solution-oriented, and with a clear view of what is feasible.<\/p><p class=\" translation-block\">Whether it's an informal introduction, a concrete project proposal, or simply discussing your current situation:<br>I look forward to your message and a personal dialogue.<\/p><p class=\" translation-block\">Feel free to send me an email.<br><strong>Confidentiality and reliability are a given for me.<\/strong><\/p>\t\t\t\t\t\t\t\t<\/div>\n\t\t\t\t<\/div>\n\t\t\t\t<div class=\"elementor-element elementor-element-b50bebe elementor-widget elementor-widget-qi_addons_for_elementor_button\" data-id=\"b50bebe\" data-element_type=\"widget\" data-widget_type=\"qi_addons_for_elementor_button.default\">\n\t\t\t\t<div class=\"elementor-widget-container\">\n\t\t\t\t\t<a class=\"qodef-shortcode qodef-m qodef-qi-button qodef-html--link qodef-layout--outlined qodef-type--standard qodef-icon--right qodef-hover--icon-move-horizontal-short qodef-button-underline-draw\" href=\"mailto:contact@falk-steuer.de\" target=\"_blank\">\n\t<span class=\"qodef-m-text\">Request manager profile<\/span>\n\t<\/a>\n\t\t\t\t<\/div>\n\t\t\t\t<\/div>\n\t\t\t\t<\/div>\n\t\t\t\t<\/div>\n\t\t<div class=\"elementor-element elementor-element-e3a738b e-con-full e-flex e-con e-child\" data-id=\"e3a738b\" data-element_type=\"container\" data-settings=\"{&quot;background_background&quot;:&quot;gradient&quot;}\">\n\t\t\t\t<div class=\"elementor-element elementor-element-a6d5ebf elementor-widget elementor-widget-heading\" data-id=\"a6d5ebf\" data-element_type=\"widget\" data-widget_type=\"heading.default\">\n\t\t\t\t<div class=\"elementor-widget-container\">\n\t\t\t\t\t<h2 class=\"elementor-heading-title elementor-size-default\">Contact details<\/h2>\t\t\t\t<\/div>\n\t\t\t\t<\/div>\n\t\t\t\t<div class=\"elementor-element elementor-element-6697f62 elementor-widget elementor-widget-text-editor\" data-id=\"6697f62\" data-element_type=\"widget\" data-widget_type=\"text-editor.default\">\n\t\t\t\t<div class=\"elementor-widget-container\">\n\t\t\t\t\t\t\t\t\t<p>Dr. Falk Steuer<br \/>T\u00fcrkenlouisschanze 12.1<br \/>D-74388 Talheim<\/p>\t\t\t\t\t\t\t\t<\/div>\n\t\t\t\t<\/div>\n\t\t\t\t<div class=\"elementor-element elementor-element-e8bf0f6 elementor-icon-list--layout-traditional elementor-list-item-link-full_width elementor-widget elementor-widget-icon-list\" data-id=\"e8bf0f6\" data-element_type=\"widget\" data-widget_type=\"icon-list.default\">\n\t\t\t\t<div class=\"elementor-widget-container\">\n\t\t\t\t\t\t\t<ul class=\"elementor-icon-list-items\">\n\t\t\t\t\t\t\t<li class=\"elementor-icon-list-item\">\n\t\t\t\t\t\t\t\t\t\t\t<a href=\"tel:00491635102176\" target=\"_blank\">\n\n\t\t\t\t\t\t\t\t\t\t\t\t<span class=\"elementor-icon-list-icon\">\n\t\t\t\t\t\t\t<svg aria-hidden=\"true\" class=\"e-font-icon-svg e-fas-phone-alt\" viewbox=\"0 0 512 512\" xmlns=\"http:\/\/www.w3.org\/2000\/svg\"><path d=\"M497.39 361.8l-112-48a24 24 0 0 0-28 6.9l-49.6 60.6A370.66 370.66 0 0 1 130.6 204.11l60.6-49.6a23.94 23.94 0 0 0 6.9-28l-48-112A24.16 24.16 0 0 0 122.6.61l-104 24A24 24 0 0 0 0 48c0 256.5 207.9 464 464 464a24 24 0 0 0 23.4-18.6l24-104a24.29 24.29 0 0 0-14.01-27.6z\"><\/path><\/svg>\t\t\t\t\t\t<\/span>\n\t\t\t\t\t\t\t\t\t\t<span class=\"elementor-icon-list-text\">+49 163 510 2176<\/span>\n\t\t\t\t\t\t\t\t\t\t\t<\/a>\n\t\t\t\t\t\t\t\t\t<\/li>\n\t\t\t\t\t\t\t\t<li class=\"elementor-icon-list-item\">\n\t\t\t\t\t\t\t\t\t\t\t<a href=\"mailto:contakt@falk-steuer.de\" target=\"_blank\">\n\n\t\t\t\t\t\t\t\t\t\t\t\t<span class=\"elementor-icon-list-icon\">\n\t\t\t\t\t\t\t<svg aria-hidden=\"true\" class=\"e-font-icon-svg e-fas-envelope\" viewbox=\"0 0 512 512\" xmlns=\"http:\/\/www.w3.org\/2000\/svg\"><path d=\"M502.3 190.8c3.9-3.1 9.7-.2 9.7 4.7V400c0 26.5-21.5 48-48 48H48c-26.5 0-48-21.5-48-48V195.6c0-5 5.7-7.8 9.7-4.7 22.4 17.4 52.1 39.5 154.1 113.6 21.1 15.4 56.7 47.8 92.2 47.6 35.7.3 72-32.8 92.3-47.6 102-74.1 131.6-96.3 154-113.7zM256 320c23.2.4 56.6-29.2 73.4-41.4 132.7-96.3 142.8-104.7 173.4-128.7 5.8-4.5 9.2-11.5 9.2-18.9v-19c0-26.5-21.5-48-48-48H48C21.5 64 0 85.5 0 112v19c0 7.4 3.4 14.3 9.2 18.9 30.6 23.9 40.7 32.4 173.4 128.7 16.8 12.2 50.2 41.8 73.4 41.4z\"><\/path><\/svg>\t\t\t\t\t\t<\/span>\n\t\t\t\t\t\t\t\t\t\t<span class=\"elementor-icon-list-text\">contact@falk-steuer.de<\/span>\n\t\t\t\t\t\t\t\t\t\t\t<\/a>\n\t\t\t\t\t\t\t\t\t<\/li>\n\t\t\t\t\t\t<\/ul>\n\t\t\t\t\t\t<\/div>\n\t\t\t\t<\/div>\n\t\t\t\t<div class=\"elementor-element elementor-element-de52d63 e-grid-align-left elementor-shape-rounded elementor-grid-0 elementor-widget elementor-widget-social-icons\" data-id=\"de52d63\" data-element_type=\"widget\" data-widget_type=\"social-icons.default\">\n\t\t\t\t<div class=\"elementor-widget-container\">\n\t\t\t\t\t\t\t<div class=\"elementor-social-icons-wrapper elementor-grid\" role=\"list\">\n\t\t\t\t\t\t\t<span class=\"elementor-grid-item\" role=\"listitem\">\n\t\t\t\t\t<a class=\"elementor-icon elementor-social-icon elementor-social-icon-linkedin elementor-repeater-item-60b5f81\" target=\"_blank\">\n\t\t\t\t\t\t<span class=\"elementor-screen-only\">Linkedin<\/span>\n\t\t\t\t\t\t<svg class=\"e-font-icon-svg e-fab-linkedin\" viewbox=\"0 0 448 512\" xmlns=\"http:\/\/www.w3.org\/2000\/svg\"><path d=\"M416 32H31.9C14.3 32 0 46.5 0 64.3v383.4C0 465.5 14.3 480 31.9 480H416c17.6 0 32-14.5 32-32.3V64.3c0-17.8-14.4-32.3-32-32.3zM135.4 416H69V202.2h66.5V416zm-33.2-243c-21.3 0-38.5-17.3-38.5-38.5S80.9 96 102.2 96c21.2 0 38.5 17.3 38.5 38.5 0 21.3-17.2 38.5-38.5 38.5zm282.1 243h-66.4V312c0-24.8-.5-56.7-34.5-56.7-34.6 0-39.9 27-39.9 54.9V416h-66.4V202.2h63.7v29.2h.9c8.9-16.8 30.6-34.5 62.9-34.5 67.2 0 79.7 44.3 79.7 101.9V416z\"><\/path><\/svg>\t\t\t\t\t<\/a>\n\t\t\t\t<\/span>\n\t\t\t\t\t\t\t<span class=\"elementor-grid-item\" role=\"listitem\">\n\t\t\t\t\t<a class=\"elementor-icon elementor-social-icon elementor-social-icon-address-card elementor-repeater-item-b061fc4\" href=\"https:\/\/fsinterim.de\/wp-content\/uploads\/2025\/03\/Dr.-Falk-Steuer.vcf\" target=\"_blank\">\n\t\t\t\t\t\t<span class=\"elementor-screen-only\">Address-card<\/span>\n\t\t\t\t\t\t<svg class=\"e-font-icon-svg e-far-address-card\" viewbox=\"0 0 576 512\" xmlns=\"http:\/\/www.w3.org\/2000\/svg\"><path d=\"M528 32H48C21.5 32 0 53.5 0 80v352c0 26.5 21.5 48 48 48h480c26.5 0 48-21.5 48-48V80c0-26.5-21.5-48-48-48zm0 400H48V80h480v352zM208 256c35.3 0 64-28.7 64-64s-28.7-64-64-64-64 28.7-64 64 28.7 64 64 64zm-89.6 128h179.2c12.4 0 22.4-8.6 22.4-19.2v-19.2c0-31.8-30.1-57.6-67.2-57.6-10.8 0-18.7 8-44.8 8-26.9 0-33.4-8-44.8-8-37.1 0-67.2 25.8-67.2 57.6v19.2c0 10.6 10 19.2 22.4 19.2zM360 320h112c4.4 0 8-3.6 8-8v-16c0-4.4-3.6-8-8-8H360c-4.4 0-8 3.6-8 8v16c0 4.4 3.6 8 8 8zm0-64h112c4.4 0 8-3.6 8-8v-16c0-4.4-3.6-8-8-8H360c-4.4 0-8 3.6-8 8v16c0 4.4 3.6 8 8 8zm0-64h112c4.4 0 8-3.6 8-8v-16c0-4.4-3.6-8-8-8H360c-4.4 0-8 3.6-8 8v16c0 4.4 3.6 8 8 8z\"><\/path><\/svg>\t\t\t\t\t<\/a>\n\t\t\t\t<\/span>\n\t\t\t\t\t<\/div>\n\t\t\t\t\t\t<\/div>\n\t\t\t\t<\/div>\n\t\t\t\t<\/div>\n\t\t\t\t<\/div>\n\t\t\t\t<\/div>\n\t\t\t\t<\/div>","protected":false},"excerpt":{"rendered":"<p>Kontakt Lassen Sie uns ins Gespr\u00e4ch kommen Sie stehen vor einer unternehmerischen Herausforderung?Sie ben\u00f6tigen kurzfristig erfahrene Unterst\u00fctzung in der Transformation, Restrukturierung oder strategischen Neuausrichtung? Dann ist jetzt der richtige Moment f\u00fcr den ersten Schritt.Ich stehe Ihnen als Interim Manager mit internationaler Erfahrung zur Seite \u2013 pragmatisch, l\u00f6sungsorientiert und mit einem klaren Blick f\u00fcr das Machbare. [&hellip;]<\/p>","protected":false},"author":1,"featured_media":5817,"parent":0,"menu_order":0,"comment_status":"closed","ping_status":"closed","template":"page-full-width.php","meta":{"footnotes":""},"class_list":["post-6107","page","type-page","status-publish","has-post-thumbnail","hentry"],"yoast_head":"<!-- This site is optimized with the Yoast SEO plugin v25.3 - https:\/\/yoast.com\/wordpress\/plugins\/seo\/ -->\n<title>Kontakt - Dr. Falk Steuer<\/title>\n<meta name=\"description\" content=\"Dr. Falk Steuer \u2013 Interim Management mit internationaler Erfahrung. Jetzt unverbindliches Gespr\u00e4ch anfragen und Klarheit gewinnen.\" \/>\n<meta name=\"robots\" content=\"index, follow, max-snippet:-1, max-image-preview:large, max-video-preview:-1\" \/>\n<link rel=\"canonical\" href=\"https:\/\/fsinterim.de\/en\/contact-dr-falk-steuer\/\" \/>\n<meta property=\"og:locale\" content=\"en_GB\" \/>\n<meta property=\"og:type\" content=\"article\" \/>\n<meta property=\"og:title\" content=\"Kontakt - Dr. Falk Steuer\" \/>\n<meta property=\"og:description\" content=\"Dr. Falk Steuer \u2013 Interim Management mit internationaler Erfahrung. Jetzt unverbindliches Gespr\u00e4ch anfragen und Klarheit gewinnen.\" \/>\n<meta property=\"og:url\" content=\"https:\/\/fsinterim.de\/en\/contact-dr-falk-steuer\/\" \/>\n<meta property=\"og:site_name\" content=\"Dr. Falk Steuer\" \/>\n<meta property=\"article:modified_time\" content=\"2025-04-04T07:35:37+00:00\" \/>\n<meta property=\"og:image\" content=\"https:\/\/fsinterim.de\/wp-content\/uploads\/2025\/03\/DrFalk_Steuer_023_\u00a9KristofPoggel-scaled.jpg\" \/>\n\t<meta property=\"og:image:width\" content=\"2560\" \/>\n\t<meta property=\"og:image:height\" content=\"1707\" \/>\n\t<meta property=\"og:image:type\" content=\"image\/jpeg\" \/>\n<meta name=\"twitter:card\" content=\"summary_large_image\" \/>\n<meta name=\"twitter:label1\" content=\"Estimated reading time\" \/>\n\t<meta name=\"twitter:data1\" content=\"1 minute\" \/>\n<script type=\"application\/ld+json\" class=\"yoast-schema-graph\">{\"@context\":\"https:\/\/schema.org\",\"@graph\":[{\"@type\":\"WebPage\",\"@id\":\"https:\/\/fsinterim.de\/kontakt-dr-falk-steuer\/\",\"url\":\"https:\/\/fsinterim.de\/kontakt-dr-falk-steuer\/\",\"name\":\"Kontakt - Dr. Falk Steuer\",\"isPartOf\":{\"@id\":\"https:\/\/fsinterim.de\/#website\"},\"primaryImageOfPage\":{\"@id\":\"https:\/\/fsinterim.de\/kontakt-dr-falk-steuer\/#primaryimage\"},\"image\":{\"@id\":\"https:\/\/fsinterim.de\/kontakt-dr-falk-steuer\/#primaryimage\"},\"thumbnailUrl\":\"https:\/\/fsinterim.de\/wp-content\/uploads\/2025\/03\/DrFalk_Steuer_023_\u00a9KristofPoggel-scaled.jpg\",\"datePublished\":\"2025-03-25T13:12:51+00:00\",\"dateModified\":\"2025-04-04T07:35:37+00:00\",\"description\":\"Dr. Falk Steuer \u2013 Interim Management mit internationaler Erfahrung. Jetzt unverbindliches Gespr\u00e4ch anfragen und Klarheit gewinnen.\",\"breadcrumb\":{\"@id\":\"https:\/\/fsinterim.de\/kontakt-dr-falk-steuer\/#breadcrumb\"},\"inLanguage\":\"en-GB\",\"potentialAction\":[{\"@type\":\"ReadAction\",\"target\":[\"https:\/\/fsinterim.de\/kontakt-dr-falk-steuer\/\"]}]},{\"@type\":\"ImageObject\",\"inLanguage\":\"en-GB\",\"@id\":\"https:\/\/fsinterim.de\/kontakt-dr-falk-steuer\/#primaryimage\",\"url\":\"https:\/\/fsinterim.de\/wp-content\/uploads\/2025\/03\/DrFalk_Steuer_023_\u00a9KristofPoggel-scaled.jpg\",\"contentUrl\":\"https:\/\/fsinterim.de\/wp-content\/uploads\/2025\/03\/DrFalk_Steuer_023_\u00a9KristofPoggel-scaled.jpg\",\"width\":2560,\"height\":1707,\"caption\":\"Interim Management & Sanierungsexperte\"},{\"@type\":\"BreadcrumbList\",\"@id\":\"https:\/\/fsinterim.de\/kontakt-dr-falk-steuer\/#breadcrumb\",\"itemListElement\":[{\"@type\":\"ListItem\",\"position\":1,\"name\":\"Home\",\"item\":\"https:\/\/fsinterim.de\/\"},{\"@type\":\"ListItem\",\"position\":2,\"name\":\"Kontakt\"}]},{\"@type\":\"WebSite\",\"@id\":\"https:\/\/fsinterim.de\/#website\",\"url\":\"https:\/\/fsinterim.de\/\",\"name\":\"Dr. Falk Steuer\",\"description\":\"Management auf Zeit\",\"publisher\":{\"@id\":\"https:\/\/fsinterim.de\/#organization\"},\"potentialAction\":[{\"@type\":\"SearchAction\",\"target\":{\"@type\":\"EntryPoint\",\"urlTemplate\":\"https:\/\/fsinterim.de\/?s={search_term_string}\"},\"query-input\":{\"@type\":\"PropertyValueSpecification\",\"valueRequired\":true,\"valueName\":\"search_term_string\"}}],\"inLanguage\":\"en-GB\"},{\"@type\":\"Organization\",\"@id\":\"https:\/\/fsinterim.de\/#organization\",\"name\":\"Dr. Falk Steuer\",\"url\":\"https:\/\/fsinterim.de\/\",\"logo\":{\"@type\":\"ImageObject\",\"inLanguage\":\"en-GB\",\"@id\":\"https:\/\/fsinterim.de\/#\/schema\/logo\/image\/\",\"url\":\"https:\/\/fsinterim.de\/wp-content\/uploads\/2025\/03\/cropped-Logo-Dr.-Falk-Steuer-3.png\",\"contentUrl\":\"https:\/\/fsinterim.de\/wp-content\/uploads\/2025\/03\/cropped-Logo-Dr.-Falk-Steuer-3.png\",\"width\":1204,\"height\":200,\"caption\":\"Dr. Falk Steuer\"},\"image\":{\"@id\":\"https:\/\/fsinterim.de\/#\/schema\/logo\/image\/\"}}]}<\/script>\n<!-- \/ Yoast SEO plugin. -->","yoast_head_json":{"title":"Contact - Dr. Falk Steuer","description":"Dr. Falk Steuer \u2013 Interim management with international experience. Request a non-binding consultation now and gain clarity.","robots":{"index":"index","follow":"follow","max-snippet":"max-snippet:-1","max-image-preview":"max-image-preview:large","max-video-preview":"max-video-preview:-1"},"canonical":"https:\/\/fsinterim.de\/en\/contact-dr-falk-steuer\/","og_locale":"en_GB","og_type":"article","og_title":"Kontakt - Dr. Falk Steuer","og_description":"Dr. Falk Steuer \u2013 Interim Management mit internationaler Erfahrung. Jetzt unverbindliches Gespr\u00e4ch anfragen und Klarheit gewinnen.","og_url":"https:\/\/fsinterim.de\/en\/contact-dr-falk-steuer\/","og_site_name":"Dr. Falk Steuer","article_modified_time":"2025-04-04T07:35:37+00:00","og_image":[{"width":2560,"height":1707,"url":"https:\/\/fsinterim.de\/wp-content\/uploads\/2025\/03\/DrFalk_Steuer_023_\u00a9KristofPoggel-scaled.jpg","type":"image\/jpeg"}],"twitter_card":"summary_large_image","twitter_misc":{"Estimated reading time":"1 minute"},"schema":{"@context":"https:\/\/schema.org","@graph":[{"@type":"WebPage","@id":"https:\/\/fsinterim.de\/kontakt-dr-falk-steuer\/","url":"https:\/\/fsinterim.de\/kontakt-dr-falk-steuer\/","name":"Contact - Dr. Falk Steuer","isPartOf":{"@id":"https:\/\/fsinterim.de\/#website"},"primaryImageOfPage":{"@id":"https:\/\/fsinterim.de\/kontakt-dr-falk-steuer\/#primaryimage"},"image":{"@id":"https:\/\/fsinterim.de\/kontakt-dr-falk-steuer\/#primaryimage"},"thumbnailUrl":"https:\/\/fsinterim.de\/wp-content\/uploads\/2025\/03\/DrFalk_Steuer_023_\u00a9KristofPoggel-scaled.jpg","datePublished":"2025-03-25T13:12:51+00:00","dateModified":"2025-04-04T07:35:37+00:00","description":"Dr. Falk Steuer \u2013 Interim management with international experience. Request a non-binding consultation now and gain clarity.","breadcrumb":{"@id":"https:\/\/fsinterim.de\/kontakt-dr-falk-steuer\/#breadcrumb"},"inLanguage":"en-GB","potentialAction":[{"@type":"ReadAction","target":["https:\/\/fsinterim.de\/kontakt-dr-falk-steuer\/"]}]},{"@type":"ImageObject","inLanguage":"en-GB","@id":"https:\/\/fsinterim.de\/kontakt-dr-falk-steuer\/#primaryimage","url":"https:\/\/fsinterim.de\/wp-content\/uploads\/2025\/03\/DrFalk_Steuer_023_\u00a9KristofPoggel-scaled.jpg","contentUrl":"https:\/\/fsinterim.de\/wp-content\/uploads\/2025\/03\/DrFalk_Steuer_023_\u00a9KristofPoggel-scaled.jpg","width":2560,"height":1707,"caption":"Interim Management & Sanierungsexperte"},{"@type":"BreadcrumbList","@id":"https:\/\/fsinterim.de\/kontakt-dr-falk-steuer\/#breadcrumb","itemListElement":[{"@type":"ListItem","position":1,"name":"Home","item":"https:\/\/fsinterim.de\/"},{"@type":"ListItem","position":2,"name":"Kontakt"}]},{"@type":"WebSite","@id":"https:\/\/fsinterim.de\/#website","url":"https:\/\/fsinterim.de\/","name":"Dr. Falk Steuer","description":"Temporary management","publisher":{"@id":"https:\/\/fsinterim.de\/#organization"},"potentialAction":[{"@type":"SearchAction","target":{"@type":"EntryPoint","urlTemplate":"https:\/\/fsinterim.de\/?s={search_term_string}"},"query-input":{"@type":"PropertyValueSpecification","valueRequired":true,"valueName":"search_term_string"}}],"inLanguage":"en-GB"},{"@type":"Organization","@id":"https:\/\/fsinterim.de\/#organization","name":"Dr. Falk Steuer","url":"https:\/\/fsinterim.de\/","logo":{"@type":"ImageObject","inLanguage":"en-GB","@id":"https:\/\/fsinterim.de\/#\/schema\/logo\/image\/","url":"https:\/\/fsinterim.de\/wp-content\/uploads\/2025\/03\/cropped-Logo-Dr.-Falk-Steuer-3.png","contentUrl":"https:\/\/fsinterim.de\/wp-content\/uploads\/2025\/03\/cropped-Logo-Dr.-Falk-Steuer-3.png","width":1204,"height":200,"caption":"Dr. Falk Steuer"},"image":{"@id":"https:\/\/fsinterim.de\/#\/schema\/logo\/image\/"}}]}},"_links":{"self":[{"href":"https:\/\/fsinterim.de\/en\/wp-json\/wp\/v2\/pages\/6107","targetHints":{"allow":["GET"]}}],"collection":[{"href":"https:\/\/fsinterim.de\/en\/wp-json\/wp\/v2\/pages"}],"about":[{"href":"https:\/\/fsinterim.de\/en\/wp-json\/wp\/v2\/types\/page"}],"author":[{"embeddable":true,"href":"https:\/\/fsinterim.de\/en\/wp-json\/wp\/v2\/users\/1"}],"replies":[{"embeddable":true,"href":"https:\/\/fsinterim.de\/en\/wp-json\/wp\/v2\/comments?post=6107"}],"version-history":[{"count":46,"href":"https:\/\/fsinterim.de\/en\/wp-json\/wp\/v2\/pages\/6107\/revisions"}],"predecessor-version":[{"id":6945,"href":"https:\/\/fsinterim.de\/en\/wp-json\/wp\/v2\/pages\/6107\/revisions\/6945"}],"wp:featuredmedia":[{"embeddable":true,"href":"https:\/\/fsinterim.de\/en\/wp-json\/wp\/v2\/media\/5817"}],"wp:attachment":[{"href":"https:\/\/fsinterim.de\/en\/wp-json\/wp\/v2\/media?parent=6107"}],"curies":[{"name":"wp","href":"https:\/\/api.w.org\/{rel}","templated":true}]}}